{"id":11914,"date":"2023-08-24T17:10:43","date_gmt":"2023-08-24T17:10:43","guid":{"rendered":"https:\/\/thebestportugal.com\/servico-de-expedicao\/"},"modified":"2024-02-01T16:08:50","modified_gmt":"2024-02-01T16:08:50","slug":"servico-de-expedicao","status":"publish","type":"page","link":"https:\/\/thebestportugal.com\/pt-pt\/servico-de-expedicao\/","title":{"rendered":"Servi\u00e7o de expedi\u00e7\u00e3o"},"content":{"rendered":"\t\t<div data-elementor-type=\"wp-page\" data-elementor-id=\"11914\" class=\"elementor elementor-11914 elementor-4058\" data-elementor-post-type=\"page\">\n\t\t\t\t\t\t\t\t\t<section class=\"elementor-section elementor-top-section elementor-element elementor-element-741fdc12 elementor-section-full_width elementor-section-height-min-height elementor-section-stretched elementor-section-height-default elementor-section-items-middle elementor-invisible\" data-id=\"741fdc12\" data-element_type=\"section\" data-settings=\"{&quot;background_background&quot;:&quot;classic&quot;,&quot;animation&quot;:&quot;fadeIn&quot;,&quot;stretch_section&quot;:&quot;section-stretched&quot;}\">\n\t\t\t\t\t\t\t<div class=\"elementor-background-overlay\"><\/div>\n\t\t\t\t\t\t\t<div class=\"elementor-container elementor-column-gap-default\">\n\t\t\t\t\t<div class=\"elementor-column elementor-col-100 elementor-top-column elementor-element elementor-element-3f0e347\" data-id=\"3f0e347\" data-element_type=\"column\">\n\t\t\t<div class=\"elementor-widget-wrap elementor-element-populated\">\n\t\t\t\t\t\t\t\t<div class=\"elementor-element elementor-element-727ac4dd elementor-invisible elementor-widget elementor-widget-heading\" data-id=\"727ac4dd\" data-element_type=\"widget\" data-settings=\"{&quot;_animation&quot;:&quot;fadeInUp&quot;}\" data-widget_type=\"heading.default\">\n\t\t\t\t<div class=\"elementor-widget-container\">\n\t\t\t<style>\/*! elementor - v3.18.0 - 04-12-2023 *\/\n.elementor-heading-title{padding:0;margin:0;line-height:1}.elementor-widget-heading .elementor-heading-title[class*=elementor-size-]>a{color:inherit;font-size:inherit;line-height:inherit}.elementor-widget-heading .elementor-heading-title.elementor-size-small{font-size:15px}.elementor-widget-heading .elementor-heading-title.elementor-size-medium{font-size:19px}.elementor-widget-heading .elementor-heading-title.elementor-size-large{font-size:29px}.elementor-widget-heading .elementor-heading-title.elementor-size-xl{font-size:39px}.elementor-widget-heading .elementor-heading-title.elementor-size-xxl{font-size:59px}<\/style><h1 class=\"elementor-heading-title elementor-size-default\">Servi\u00e7o de expedi\u00e7\u00e3o<\/h1>\t\t<\/div>\n\t\t\t\t<\/div>\n\t\t\t\t\t<\/div>\n\t\t<\/div>\n\t\t\t\t\t\t\t<\/div>\n\t\t<\/section>\n\t\t<div class=\"elementor-element elementor-element-86704e9 e-flex e-con-boxed e-con e-parent\" data-id=\"86704e9\" data-element_type=\"container\" data-settings=\"{&quot;content_width&quot;:&quot;boxed&quot;}\" data-core-v316-plus=\"true\">\n\t\t\t\t\t<div class=\"e-con-inner\">\n\t\t\t\t<div class=\"elementor-element elementor-element-70cbc0c elementor-widget__width-initial elementor-widget-mobile__width-inherit elementor-widget elementor-widget-text-editor\" data-id=\"70cbc0c\" data-element_type=\"widget\" data-settings=\"{&quot;_animation&quot;:&quot;none&quot;}\" data-widget_type=\"text-editor.default\">\n\t\t\t\t<div class=\"elementor-widget-container\">\n\t\t\t<style>\/*! elementor - v3.18.0 - 04-12-2023 *\/\n.elementor-widget-text-editor.elementor-drop-cap-view-stacked .elementor-drop-cap{background-color:#69727d;color:#fff}.elementor-widget-text-editor.elementor-drop-cap-view-framed .elementor-drop-cap{color:#69727d;border:3px solid;background-color:transparent}.elementor-widget-text-editor:not(.elementor-drop-cap-view-default) .elementor-drop-cap{margin-top:8px}.elementor-widget-text-editor:not(.elementor-drop-cap-view-default) .elementor-drop-cap-letter{width:1em;height:1em}.elementor-widget-text-editor .elementor-drop-cap{float:left;text-align:center;line-height:1;font-size:50px}.elementor-widget-text-editor .elementor-drop-cap-letter{display:inline-block}<\/style>\t\t\t\t<p>Criamos experi\u00eancias personalizadas em Portugal que se tornam mem\u00f3rias para toda a vida. Atrav\u00e9s do nosso servi\u00e7o de expedi\u00e7\u00e3o, queremos prolongar as suas mem\u00f3rias da sua estadia no nosso pa\u00eds, enquanto bebe os seus vinhos portugueses preferidos!<\/p>\n\t\t\t\t\t\t<\/div>\n\t\t\t\t<\/div>\n\t\t\t\t\t<\/div>\n\t\t\t\t<\/div>\n\t\t\t\t<section class=\"elementor-section elementor-top-section elementor-element elementor-element-e726207 elementor-section-boxed elementor-section-height-default elementor-section-height-default\" data-id=\"e726207\" data-element_type=\"section\" data-settings=\"{&quot;background_background&quot;:&quot;video&quot;,&quot;animation&quot;:&quot;none&quot;}\">\n\t\t\t\t\t\t\t<div class=\"elementor-background-overlay\"><\/div>\n\t\t\t\t\t\t\t<div class=\"elementor-container elementor-column-gap-default\">\n\t\t\t\t\t<div class=\"elementor-column elementor-col-50 elementor-top-column elementor-element elementor-element-6d8be2c\" data-id=\"6d8be2c\" data-element_type=\"column\">\n\t\t\t<div class=\"elementor-widget-wrap elementor-element-populated\">\n\t\t\t\t\t\t\t\t<div class=\"elementor-element elementor-element-ae057c4 elementor-widget__width-initial elementor-widget elementor-widget-heading\" data-id=\"ae057c4\" data-element_type=\"widget\" data-widget_type=\"heading.default\">\n\t\t\t\t<div class=\"elementor-widget-container\">\n\t\t\t<h4 class=\"elementor-heading-title elementor-size-default\">Expedi\u00e7\u00e3o do seu vinho preferido<\/h4>\t\t<\/div>\n\t\t\t\t<\/div>\n\t\t\t\t<div class=\"elementor-element elementor-element-1af231b elementor-widget__width-initial elementor-widget elementor-widget-text-editor\" data-id=\"1af231b\" data-element_type=\"widget\" data-widget_type=\"text-editor.default\">\n\t\t\t\t<div class=\"elementor-widget-container\">\n\t\t\t\t\t\t\t<p>Depois de viajar por Portugal com a The Best Portugal e provar surpreendentes vinhos topo de gama, a quest\u00e3o \u00e9: como pode levar para casa algumas destas garrafas? E se pudesse desfrutar destes vinhos numa ocasi\u00e3o especial, como um anivers\u00e1rio ou o Natal com a fam\u00edlia, ou simplesmente com os seus amigos mais pr\u00f3ximos? Poderia receber estes vinhos de sonho no conforto da sua casa?<\/p>\n<p>Na realidade, sim, pode! A nossa equipa quer que mantenha Portugal no seu cora\u00e7\u00e3o, e o que poderia ser melhor do que o prazer de beber um bom copo de vinho? Com isto em mente, atrav\u00e9s do nosso servi\u00e7o de envios, esfor\u00e7amo-nos por lhe fazer chegar os seus vinhos portugueses preferidos! Contacte-nos e os seus ser\u00f5es em casa ser\u00e3o certamente passados em boa companhia.<\/p>\t\t\t\t\t\t<\/div>\n\t\t\t\t<\/div>\n\t\t\t\t<div class=\"elementor-element elementor-element-0e7b457 elementor-widget__width-initial elementor-widget elementor-widget-qi_addons_for_elementor_button\" data-id=\"0e7b457\" data-element_type=\"widget\" data-widget_type=\"qi_addons_for_elementor_button.default\">\n\t\t\t\t<div class=\"elementor-widget-container\">\n\t\t\t<a class=\"qodef-shortcode qodef-m qodef-qi-button qodef-html--link qodef-layout--filled qodef-type--standard qodef-size--full qodef-icon--right qodef-hover--icon-move-horizontal-short qodef-text-underline qodef-underline--left\" href=\"https:\/\/thebestportugal.com\/pt-pt\/exclusivo\/\" target=\"_self\">\n\t<span class=\"qodef-m-text\">Descubra os nossos servi\u00e7os exclusivos aqui<\/span>\n\t<\/a>\n\t\t<\/div>\n\t\t\t\t<\/div>\n\t\t\t\t\t<\/div>\n\t\t<\/div>\n\t\t\t\t<div class=\"elementor-column elementor-col-50 elementor-top-column elementor-element elementor-element-0b302a3\" data-id=\"0b302a3\" data-element_type=\"column\">\n\t\t\t<div class=\"elementor-widget-wrap elementor-element-populated\">\n\t\t\t\t\t\t\t\t<div class=\"elementor-element elementor-element-d430d5a elementor-widget__width-initial elementor-widget elementor-widget-image\" data-id=\"d430d5a\" data-element_type=\"widget\" data-widget_type=\"image.default\">\n\t\t\t\t<div class=\"elementor-widget-container\">\n\t\t\t<style>\/*! elementor - v3.18.0 - 04-12-2023 *\/\n.elementor-widget-image{text-align:center}.elementor-widget-image a{display:inline-block}.elementor-widget-image a img[src$=\".svg\"]{width:48px}.elementor-widget-image img{vertical-align:middle;display:inline-block}<\/style>\t\t\t\t\t\t\t\t\t\t\t\t<img fetchpriority=\"high\" decoding=\"async\" width=\"2048\" height=\"1152\" src=\"https:\/\/thebestportugal.com\/wp-content\/uploads\/2023\/08\/ca-creative-z38uTGNpNnA-unsplash-2048x1152.jpg\" class=\"attachment-2048x2048 size-2048x2048 wp-image-2481\" alt=\"\" srcset=\"https:\/\/thebestportugal.com\/wp-content\/uploads\/2023\/08\/ca-creative-z38uTGNpNnA-unsplash-2048x1152.jpg 2048w, https:\/\/thebestportugal.com\/wp-content\/uploads\/2023\/08\/ca-creative-z38uTGNpNnA-unsplash-300x169.jpg 300w, https:\/\/thebestportugal.com\/wp-content\/uploads\/2023\/08\/ca-creative-z38uTGNpNnA-unsplash-1024x576.jpg 1024w, https:\/\/thebestportugal.com\/wp-content\/uploads\/2023\/08\/ca-creative-z38uTGNpNnA-unsplash-768x432.jpg 768w, https:\/\/thebestportugal.com\/wp-content\/uploads\/2023\/08\/ca-creative-z38uTGNpNnA-unsplash-1536x864.jpg 1536w\" sizes=\"(max-width: 2048px) 100vw, 2048px\" \/>\t\t\t\t\t\t\t\t\t\t\t\t\t\t\t<\/div>\n\t\t\t\t<\/div>\n\t\t\t\t\t<\/div>\n\t\t<\/div>\n\t\t\t\t\t\t\t<\/div>\n\t\t<\/section>\n\t\t\t\t<section class=\"elementor-section elementor-top-section elementor-element elementor-element-92bb996 elementor-section-height-min-height elementor-section-full_width elementor-section-items-stretch elementor-section-content-bottom elementor-section-stretched elementor-section-height-default elementor-invisible\" data-id=\"92bb996\" data-element_type=\"section\" data-settings=\"{&quot;background_background&quot;:&quot;classic&quot;,&quot;animation&quot;:&quot;fadeIn&quot;,&quot;stretch_section&quot;:&quot;section-stretched&quot;}\">\n\t\t\t\t\t\t\t<div class=\"elementor-background-overlay\"><\/div>\n\t\t\t\t\t\t\t<div class=\"elementor-container elementor-column-gap-default\">\n\t\t\t\t\t<div class=\"elementor-column elementor-col-50 elementor-top-column elementor-element elementor-element-71ddd9d\" data-id=\"71ddd9d\" data-element_type=\"column\">\n\t\t\t<div class=\"elementor-widget-wrap\">\n\t\t\t\t\t\t\t\t\t<\/div>\n\t\t<\/div>\n\t\t\t\t<div class=\"elementor-column elementor-col-50 elementor-top-column elementor-element elementor-element-6285810\" data-id=\"6285810\" data-element_type=\"column\">\n\t\t\t<div class=\"elementor-widget-wrap elementor-element-populated\">\n\t\t\t\t\t\t<div class=\"elementor-element elementor-element-fe57ba6 e-con-full e-flex e-con e-parent\" data-id=\"fe57ba6\" data-element_type=\"container\" data-settings=\"{&quot;content_width&quot;:&quot;full&quot;}\" data-core-v316-plus=\"true\">\n\t\t\t\t<div class=\"elementor-element elementor-element-3d3762a elementor-widget elementor-widget-spacer\" data-id=\"3d3762a\" data-element_type=\"widget\" data-widget_type=\"spacer.default\">\n\t\t\t\t<div class=\"elementor-widget-container\">\n\t\t\t<style>\/*! elementor - v3.18.0 - 04-12-2023 *\/\n.elementor-column .elementor-spacer-inner{height:var(--spacer-size)}.e-con{--container-widget-width:100%}.e-con-inner>.elementor-widget-spacer,.e-con>.elementor-widget-spacer{width:var(--container-widget-width,var(--spacer-size));--align-self:var(--container-widget-align-self,initial);--flex-shrink:0}.e-con-inner>.elementor-widget-spacer>.elementor-widget-container,.e-con>.elementor-widget-spacer>.elementor-widget-container{height:100%;width:100%}.e-con-inner>.elementor-widget-spacer>.elementor-widget-container>.elementor-spacer,.e-con>.elementor-widget-spacer>.elementor-widget-container>.elementor-spacer{height:100%}.e-con-inner>.elementor-widget-spacer>.elementor-widget-container>.elementor-spacer>.elementor-spacer-inner,.e-con>.elementor-widget-spacer>.elementor-widget-container>.elementor-spacer>.elementor-spacer-inner{height:var(--container-widget-height,var(--spacer-size))}.e-con-inner>.elementor-widget-spacer.elementor-widget-empty,.e-con>.elementor-widget-spacer.elementor-widget-empty{position:relative;min-height:22px;min-width:22px}.e-con-inner>.elementor-widget-spacer.elementor-widget-empty .elementor-widget-empty-icon,.e-con>.elementor-widget-spacer.elementor-widget-empty .elementor-widget-empty-icon{position:absolute;top:0;bottom:0;left:0;right:0;margin:auto;padding:0;width:22px;height:22px}<\/style>\t\t<div class=\"elementor-spacer\">\n\t\t\t<div class=\"elementor-spacer-inner\"><\/div>\n\t\t<\/div>\n\t\t\t\t<\/div>\n\t\t\t\t<\/div>\n\t\t\t\t<div class=\"elementor-element elementor-element-f43ff06 elementor-widget__width-initial elementor-widget elementor-widget-heading\" data-id=\"f43ff06\" data-element_type=\"widget\" data-widget_type=\"heading.default\">\n\t\t\t\t<div class=\"elementor-widget-container\">\n\t\t\t<h5 class=\"elementor-heading-title elementor-size-default\">Os nossos passeios baseiam-se nos interesses em Gastronomia, Vinhos, Natureza e Patrim\u00f3nio, mas podemos abordar qualquer outro tema a pedido.  <br><\/h5>\t\t<\/div>\n\t\t\t\t<\/div>\n\t\t\t\t<div class=\"elementor-element elementor-element-39b985e elementor-widget__width-initial elementor-widget elementor-widget-qi_addons_for_elementor_button\" data-id=\"39b985e\" data-element_type=\"widget\" data-widget_type=\"qi_addons_for_elementor_button.default\">\n\t\t\t\t<div class=\"elementor-widget-container\">\n\t\t\t<a class=\"qodef-shortcode qodef-m qodef-qi-button qodef-html--link qodef-layout--textual qodef-icon--right qodef-hover--icon-move-horizontal-short qodef-text-underline qodef-underline--left\" href=\"https:\/\/thebestportugal.com\/pt-pt\/contacto\/\" target=\"_self\">\n\t<span class=\"qodef-m-text\">Fale connosco e prepare-se para uma experi\u00eancia memor\u00e1vel!<\/span>\n\t<\/a>\n\t\t<\/div>\n\t\t\t\t<\/div>\n\t\t\t\t<\/div>\n\t\t\t\t\t<\/div>\n\t\t<\/div>\n\t\t\t\t\t\t\t<\/div>\n\t\t<\/section>\n\t\t\t\t\t\t\t<\/div>\n\t\t","protected":false},"excerpt":{"rendered":"<p>Servi\u00e7o de expedi\u00e7\u00e3o Criamos experi\u00eancias personalizadas em Portugal que se tornam mem\u00f3rias para toda a vida. Atrav\u00e9s do nosso servi\u00e7o de expedi\u00e7\u00e3o, queremos prolongar as suas mem\u00f3rias da sua estadia no nosso pa\u00eds, enquanto bebe os seus vinhos portugueses preferidos! Expedi\u00e7\u00e3o do seu vinho preferido Depois de viajar por Portugal com a The Best Portugal [&hellip;]<\/p>\n","protected":false},"author":1,"featured_media":0,"parent":0,"menu_order":0,"comment_status":"closed","ping_status":"closed","template":"","meta":{"site-sidebar-layout":"default","site-content-layout":"","ast-site-content-layout":"default","site-content-style":"default","site-sidebar-style":"default","ast-global-header-display":"","ast-banner-title-visibility":"","ast-main-header-display":"","ast-hfb-above-header-display":"","ast-hfb-below-header-display":"","ast-hfb-mobile-header-display":"","site-post-title":"","ast-breadcrumbs-content":"","ast-featured-img":"","footer-sml-layout":"","ast-disable-related-posts":"","theme-transparent-header-meta":"","adv-header-id-meta":"","stick-header-meta":"","header-above-stick-meta":"","header-main-stick-meta":"","header-below-stick-meta":"","astra-migrate-meta-layouts":"default","ast-page-background-enabled":"default","ast-page-background-meta":{"desktop":{"background-color":"var(--ast-global-color-4)","background-image":"","background-repeat":"repeat","background-position":"center center","background-size":"auto","background-attachment":"scroll","background-type":"","background-media":"","overlay-type":"","overlay-color":"","overlay-opacity":"","overlay-gradient":""},"tablet":{"background-color":"","background-image":"","background-repeat":"repeat","background-position":"center center","background-size":"auto","background-attachment":"scroll","background-type":"","background-media":"","overlay-type":"","overlay-color":"","overlay-opacity":"","overlay-gradient":""},"mobile":{"background-color":"","background-image":"","background-repeat":"repeat","background-position":"center center","background-size":"auto","background-attachment":"scroll","background-type":"","background-media":"","overlay-type":"","overlay-color":"","overlay-opacity":"","overlay-gradient":""}},"ast-content-background-meta":{"desktop":{"background-color":"var(--ast-global-color-5)","background-image":"","background-repeat":"repeat","background-position":"center center","background-size":"auto","background-attachment":"scroll","background-type":"","background-media":"","overlay-type":"","overlay-color":"","overlay-opacity":"","overlay-gradient":""},"tablet":{"background-color":"var(--ast-global-color-5)","background-image":"","background-repeat":"repeat","background-position":"center center","background-size":"auto","background-attachment":"scroll","background-type":"","background-media":"","overlay-type":"","overlay-color":"","overlay-opacity":"","overlay-gradient":""},"mobile":{"background-color":"var(--ast-global-color-5)","background-image":"","background-repeat":"repeat","background-position":"center center","background-size":"auto","background-attachment":"scroll","background-type":"","background-media":"","overlay-type":"","overlay-color":"","overlay-opacity":"","overlay-gradient":""}},"footnotes":""},"categories":[],"tags":[],"yoast_head":"<!-- This site is optimized with the Yoast SEO plugin v21.6 - https:\/\/yoast.com\/wordpress\/plugins\/seo\/ -->\n<title>Servi\u00e7o de expedi\u00e7\u00e3o | The Best Portugal<\/title>\n<meta name=\"description\" content=\"Atrav\u00e9s do nosso servi\u00e7o de envio de vinhos, queremos prolongar as suas mem\u00f3rias do nosso pa\u00eds, enquanto bebe os seus vinhos portugueses preferidos!\" \/>\n<meta name=\"robots\" content=\"index, follow, max-snippet:-1, max-image-preview:large, max-video-preview:-1\" \/>\n<link rel=\"canonical\" href=\"https:\/\/thebestportugal.com\/shipping-service\/\" \/>\n<meta property=\"og:locale\" content=\"pt_PT\" \/>\n<meta property=\"og:type\" content=\"article\" \/>\n<meta property=\"og:title\" content=\"Servi\u00e7o de expedi\u00e7\u00e3o | The Best Portugal\" \/>\n<meta property=\"og:description\" content=\"Atrav\u00e9s do nosso servi\u00e7o de envio de vinhos, queremos prolongar as suas mem\u00f3rias do nosso pa\u00eds, enquanto bebe os seus vinhos portugueses preferidos!\" \/>\n<meta property=\"og:url\" content=\"https:\/\/thebestportugal.com\/shipping-service\/\" \/>\n<meta property=\"og:site_name\" content=\"The Best Portugal\" \/>\n<meta property=\"article:publisher\" content=\"https:\/\/www.facebook.com\/thebestportugl\" \/>\n<meta property=\"article:modified_time\" content=\"2024-02-01T16:08:50+00:00\" \/>\n<meta property=\"og:image\" content=\"https:\/\/thebestportugal.com\/wp-content\/uploads\/2023\/08\/ca-creative-z38uTGNpNnA-unsplash-2048x1152.jpg\" \/>\n<meta name=\"twitter:card\" content=\"summary_large_image\" \/>\n<meta name=\"twitter:label1\" content=\"Tempo estimado de leitura\" \/>\n\t<meta name=\"twitter:data1\" content=\"1 minuto\" \/>\n<script type=\"application\/ld+json\" class=\"yoast-schema-graph\">{\"@context\":\"https:\/\/schema.org\",\"@graph\":[{\"@type\":\"WebPage\",\"@id\":\"https:\/\/thebestportugal.com\/shipping-service\/\",\"url\":\"https:\/\/thebestportugal.com\/shipping-service\/\",\"name\":\"Servi\u00e7o de expedi\u00e7\u00e3o | The Best Portugal\",\"isPartOf\":{\"@id\":\"https:\/\/thebestportugal.com\/#website\"},\"datePublished\":\"2023-08-24T17:10:43+00:00\",\"dateModified\":\"2024-02-01T16:08:50+00:00\",\"description\":\"Atrav\u00e9s do nosso servi\u00e7o de envio de vinhos, queremos prolongar as suas mem\u00f3rias do nosso pa\u00eds, enquanto bebe os seus vinhos portugueses preferidos!\",\"breadcrumb\":{\"@id\":\"https:\/\/thebestportugal.com\/shipping-service\/#breadcrumb\"},\"inLanguage\":\"pt-PT\",\"potentialAction\":[{\"@type\":\"ReadAction\",\"target\":[\"https:\/\/thebestportugal.com\/shipping-service\/\"]}]},{\"@type\":\"BreadcrumbList\",\"@id\":\"https:\/\/thebestportugal.com\/shipping-service\/#breadcrumb\",\"itemListElement\":[{\"@type\":\"ListItem\",\"position\":1,\"name\":\"In\u00edcio\",\"item\":\"https:\/\/thebestportugal.com\/\"},{\"@type\":\"ListItem\",\"position\":2,\"name\":\"Servi\u00e7o de expedi\u00e7\u00e3o\"}]},{\"@type\":\"WebSite\",\"@id\":\"https:\/\/thebestportugal.com\/#website\",\"url\":\"https:\/\/thebestportugal.com\/\",\"name\":\"The Best Portugal\",\"description\":\"Wine Stories and Tours you will never forget\",\"publisher\":{\"@id\":\"https:\/\/thebestportugal.com\/#organization\"},\"potentialAction\":[{\"@type\":\"SearchAction\",\"target\":{\"@type\":\"EntryPoint\",\"urlTemplate\":\"https:\/\/thebestportugal.com\/?s={search_term_string}\"},\"query-input\":\"required name=search_term_string\"}],\"inLanguage\":\"pt-PT\"},{\"@type\":\"Organization\",\"@id\":\"https:\/\/thebestportugal.com\/#organization\",\"name\":\"The Best Portugal\",\"url\":\"https:\/\/thebestportugal.com\/\",\"logo\":{\"@type\":\"ImageObject\",\"inLanguage\":\"pt-PT\",\"@id\":\"https:\/\/thebestportugal.com\/#\/schema\/logo\/image\/\",\"url\":\"https:\/\/thebestportugal.com\/wp-content\/uploads\/2023\/04\/cropped-The-best-PT.jpg\",\"contentUrl\":\"https:\/\/thebestportugal.com\/wp-content\/uploads\/2023\/04\/cropped-The-best-PT.jpg\",\"width\":512,\"height\":512,\"caption\":\"The Best Portugal\"},\"image\":{\"@id\":\"https:\/\/thebestportugal.com\/#\/schema\/logo\/image\/\"},\"sameAs\":[\"https:\/\/www.facebook.com\/thebestportugl\",\"https:\/\/www.instagram.com\/the_best_portugal\/\"]}]}<\/script>\n<!-- \/ Yoast SEO plugin. -->","yoast_head_json":{"title":"Servi\u00e7o de expedi\u00e7\u00e3o | The Best Portugal","description":"Atrav\u00e9s do nosso servi\u00e7o de envio de vinhos, queremos prolongar as suas mem\u00f3rias do nosso pa\u00eds, enquanto bebe os seus vinhos portugueses preferidos!","robots":{"index":"index","follow":"follow","max-snippet":"max-snippet:-1","max-image-preview":"max-image-preview:large","max-video-preview":"max-video-preview:-1"},"canonical":"https:\/\/thebestportugal.com\/shipping-service\/","og_locale":"pt_PT","og_type":"article","og_title":"Servi\u00e7o de expedi\u00e7\u00e3o | The Best Portugal","og_description":"Atrav\u00e9s do nosso servi\u00e7o de envio de vinhos, queremos prolongar as suas mem\u00f3rias do nosso pa\u00eds, enquanto bebe os seus vinhos portugueses preferidos!","og_url":"https:\/\/thebestportugal.com\/shipping-service\/","og_site_name":"The Best Portugal","article_publisher":"https:\/\/www.facebook.com\/thebestportugl","article_modified_time":"2024-02-01T16:08:50+00:00","og_image":[{"url":"https:\/\/thebestportugal.com\/wp-content\/uploads\/2023\/08\/ca-creative-z38uTGNpNnA-unsplash-2048x1152.jpg"}],"twitter_card":"summary_large_image","twitter_misc":{"Tempo estimado de leitura":"1 minuto"},"schema":{"@context":"https:\/\/schema.org","@graph":[{"@type":"WebPage","@id":"https:\/\/thebestportugal.com\/shipping-service\/","url":"https:\/\/thebestportugal.com\/shipping-service\/","name":"Servi\u00e7o de expedi\u00e7\u00e3o | The Best Portugal","isPartOf":{"@id":"https:\/\/thebestportugal.com\/#website"},"datePublished":"2023-08-24T17:10:43+00:00","dateModified":"2024-02-01T16:08:50+00:00","description":"Atrav\u00e9s do nosso servi\u00e7o de envio de vinhos, queremos prolongar as suas mem\u00f3rias do nosso pa\u00eds, enquanto bebe os seus vinhos portugueses preferidos!","breadcrumb":{"@id":"https:\/\/thebestportugal.com\/shipping-service\/#breadcrumb"},"inLanguage":"pt-PT","potentialAction":[{"@type":"ReadAction","target":["https:\/\/thebestportugal.com\/shipping-service\/"]}]},{"@type":"BreadcrumbList","@id":"https:\/\/thebestportugal.com\/shipping-service\/#breadcrumb","itemListElement":[{"@type":"ListItem","position":1,"name":"In\u00edcio","item":"https:\/\/thebestportugal.com\/"},{"@type":"ListItem","position":2,"name":"Servi\u00e7o de expedi\u00e7\u00e3o"}]},{"@type":"WebSite","@id":"https:\/\/thebestportugal.com\/#website","url":"https:\/\/thebestportugal.com\/","name":"The Best Portugal","description":"Wine Stories and Tours you will never forget","publisher":{"@id":"https:\/\/thebestportugal.com\/#organization"},"potentialAction":[{"@type":"SearchAction","target":{"@type":"EntryPoint","urlTemplate":"https:\/\/thebestportugal.com\/?s={search_term_string}"},"query-input":"required name=search_term_string"}],"inLanguage":"pt-PT"},{"@type":"Organization","@id":"https:\/\/thebestportugal.com\/#organization","name":"The Best Portugal","url":"https:\/\/thebestportugal.com\/","logo":{"@type":"ImageObject","inLanguage":"pt-PT","@id":"https:\/\/thebestportugal.com\/#\/schema\/logo\/image\/","url":"https:\/\/thebestportugal.com\/wp-content\/uploads\/2023\/04\/cropped-The-best-PT.jpg","contentUrl":"https:\/\/thebestportugal.com\/wp-content\/uploads\/2023\/04\/cropped-The-best-PT.jpg","width":512,"height":512,"caption":"The Best Portugal"},"image":{"@id":"https:\/\/thebestportugal.com\/#\/schema\/logo\/image\/"},"sameAs":["https:\/\/www.facebook.com\/thebestportugl","https:\/\/www.instagram.com\/the_best_portugal\/"]}]}},"_links":{"self":[{"href":"https:\/\/thebestportugal.com\/pt-pt\/wp-json\/wp\/v2\/pages\/11914"}],"collection":[{"href":"https:\/\/thebestportugal.com\/pt-pt\/wp-json\/wp\/v2\/pages"}],"about":[{"href":"https:\/\/thebestportugal.com\/pt-pt\/wp-json\/wp\/v2\/types\/page"}],"author":[{"embeddable":true,"href":"https:\/\/thebestportugal.com\/pt-pt\/wp-json\/wp\/v2\/users\/1"}],"replies":[{"embeddable":true,"href":"https:\/\/thebestportugal.com\/pt-pt\/wp-json\/wp\/v2\/comments?post=11914"}],"version-history":[{"count":6,"href":"https:\/\/thebestportugal.com\/pt-pt\/wp-json\/wp\/v2\/pages\/11914\/revisions"}],"predecessor-version":[{"id":12984,"href":"https:\/\/thebestportugal.com\/pt-pt\/wp-json\/wp\/v2\/pages\/11914\/revisions\/12984"}],"wp:attachment":[{"href":"https:\/\/thebestportugal.com\/pt-pt\/wp-json\/wp\/v2\/media?parent=11914"}],"wp:term":[{"taxonomy":"category","embeddable":true,"href":"https:\/\/thebestportugal.com\/pt-pt\/wp-json\/wp\/v2\/categories?post=11914"},{"taxonomy":"post_tag","embeddable":true,"href":"https:\/\/thebestportugal.com\/pt-pt\/wp-json\/wp\/v2\/tags?post=11914"}],"curies":[{"name":"wp","href":"https:\/\/api.w.org\/{rel}","templated":true}]}}