{"id":11920,"date":"2023-08-24T19:25:47","date_gmt":"2023-08-24T19:25:47","guid":{"rendered":"https:\/\/thebestportugal.com\/termos-e-condicoes\/"},"modified":"2024-02-01T16:19:07","modified_gmt":"2024-02-01T16:19:07","slug":"termos-e-condicoes","status":"publish","type":"page","link":"https:\/\/thebestportugal.com\/pt-pt\/termos-e-condicoes\/","title":{"rendered":"Termos e condi\u00e7\u00f5es"},"content":{"rendered":"\t\t<div data-elementor-type=\"wp-page\" data-elementor-id=\"11920\" class=\"elementor elementor-11920 elementor-4079\" data-elementor-post-type=\"page\">\n\t\t\t\t\t\t\t\t\t<section class=\"elementor-section elementor-top-section elementor-element elementor-element-67c2c028 elementor-section-full_width elementor-section-stretched elementor-section-height-min-height elementor-section-height-default elementor-section-items-middle elementor-invisible\" data-id=\"67c2c028\" data-element_type=\"section\" data-settings=\"{&quot;background_background&quot;:&quot;classic&quot;,&quot;animation&quot;:&quot;fadeIn&quot;,&quot;stretch_section&quot;:&quot;section-stretched&quot;}\">\n\t\t\t\t\t\t\t<div class=\"elementor-background-overlay\"><\/div>\n\t\t\t\t\t\t\t<div class=\"elementor-container elementor-column-gap-default\">\n\t\t\t\t\t<div class=\"elementor-column elementor-col-100 elementor-top-column elementor-element elementor-element-5c38a5ce\" data-id=\"5c38a5ce\" data-element_type=\"column\">\n\t\t\t<div class=\"elementor-widget-wrap elementor-element-populated\">\n\t\t\t\t\t\t\t\t<div class=\"elementor-element elementor-element-1c603ee4 elementor-invisible elementor-widget elementor-widget-heading\" data-id=\"1c603ee4\" data-element_type=\"widget\" data-settings=\"{&quot;_animation&quot;:&quot;fadeInUp&quot;}\" data-widget_type=\"heading.default\">\n\t\t\t\t<div class=\"elementor-widget-container\">\n\t\t\t<style>\/*! elementor - v3.18.0 - 04-12-2023 *\/\n.elementor-heading-title{padding:0;margin:0;line-height:1}.elementor-widget-heading .elementor-heading-title[class*=elementor-size-]>a{color:inherit;font-size:inherit;line-height:inherit}.elementor-widget-heading .elementor-heading-title.elementor-size-small{font-size:15px}.elementor-widget-heading .elementor-heading-title.elementor-size-medium{font-size:19px}.elementor-widget-heading .elementor-heading-title.elementor-size-large{font-size:29px}.elementor-widget-heading .elementor-heading-title.elementor-size-xl{font-size:39px}.elementor-widget-heading .elementor-heading-title.elementor-size-xxl{font-size:59px}<\/style><h1 class=\"elementor-heading-title elementor-size-default\">Termos e condi\u00e7\u00f5es<\/h1>\t\t<\/div>\n\t\t\t\t<\/div>\n\t\t\t\t\t<\/div>\n\t\t<\/div>\n\t\t\t\t\t\t\t<\/div>\n\t\t<\/section>\n\t\t<div class=\"elementor-element elementor-element-a825dc2 e-con-full e-flex e-con e-parent\" data-id=\"a825dc2\" data-element_type=\"container\" data-settings=\"{&quot;content_width&quot;:&quot;full&quot;}\" data-core-v316-plus=\"true\">\n\t\t\t\t<div class=\"elementor-element elementor-element-7ffcb10 elementor-widget__width-initial elementor-widget-mobile__width-inherit elementor-widget elementor-widget-text-editor\" data-id=\"7ffcb10\" data-element_type=\"widget\" data-settings=\"{&quot;_animation&quot;:&quot;none&quot;}\" data-widget_type=\"text-editor.default\">\n\t\t\t\t<div class=\"elementor-widget-container\">\n\t\t\t<style>\/*! elementor - v3.18.0 - 04-12-2023 *\/\n.elementor-widget-text-editor.elementor-drop-cap-view-stacked .elementor-drop-cap{background-color:#69727d;color:#fff}.elementor-widget-text-editor.elementor-drop-cap-view-framed .elementor-drop-cap{color:#69727d;border:3px solid;background-color:transparent}.elementor-widget-text-editor:not(.elementor-drop-cap-view-default) .elementor-drop-cap{margin-top:8px}.elementor-widget-text-editor:not(.elementor-drop-cap-view-default) .elementor-drop-cap-letter{width:1em;height:1em}.elementor-widget-text-editor .elementor-drop-cap{float:left;text-align:center;line-height:1;font-size:50px}.elementor-widget-text-editor .elementor-drop-cap-letter{display:inline-block}<\/style>\t\t\t\t<p>Muitas das atividades de anima\u00e7\u00e3o da The Best Portugal s\u00e3o realizadas ao ar livre. Por isso, \u00e9 preciso estar sempre atento \u00e0s condi\u00e7\u00f5es climat\u00e9ricas. Temos de ter em conta que, por vezes, ocorrem fen\u00f3menos meteorol\u00f3gicos imprevis\u00edveis durante uma viagem. Nesses casos, a The Best Portugal n\u00e3o se responsabiliza por esse facto e essas raz\u00f5es nunca ser\u00e3o consideradas como razo\u00e1veis para qualquer reembolso.<\/p>\n<p>As excurs\u00f5es partem conforme as horas indicadas nos itiner\u00e1rios e n\u00e3o esperam por impontuais. N\u00e3o aceitamos qualquer responsabilidade pelo facto de os passageiros n\u00e3o se encontrarem nos pontos de recolha designados \u00e0s horas designadas, n\u00e3o sendo efetuado qualquer reembolso por passageiros que n\u00e3o se encontrem na nossa tour \u00e0s horas designadas.<\/p>\n<p>Reservamo-nos o direito de alterar qualquer parte do itiner\u00e1rio devido ao facto de estar sujeito \u00e0 disponibilidade dos fornecedores no momento da reserva. Se for necess\u00e1rio alterar um itiner\u00e1rio, ser\u00e1 escolhido um fornecedor de igual valor e qualidade. O cliente ser\u00e1 notificado por escrito de qualquer altera\u00e7\u00e3o do itiner\u00e1rio.<\/p>\n<p>Reservamo-nos o direito de utilizar ve\u00edculos e operadores alternativos.<\/p>\n<p>Os circuitos tur\u00edsticos destinam-se a pessoas de sa\u00fade razo\u00e1vel e sem defici\u00eancias f\u00edsicas que possam constituir um perigo para o passageiro ou para os outros passageiros. A The Best Portugal, reserva-se o direito de n\u00e3o aceitar ou reter qualquer pessoa como participante da excurs\u00e3o, caso o estado de sa\u00fade ou mental dessa pessoa impe\u00e7a a realiza\u00e7\u00e3o da excurs\u00e3o.<\/p>\n<p>N\u00e3o \u00e9 permitido fumar nos nossos ve\u00edculos ou no interior dos edif\u00edcios da adega.<\/p>\n<p>N\u00e3o assumimos qualquer responsabilidade por bens perdidos ou roubados.<\/p>\n\t\t\t\t\t\t<\/div>\n\t\t\t\t<\/div>\n\t\t\t\t<\/div>\n\t\t\t\t<section class=\"elementor-section elementor-top-section elementor-element elementor-element-46380bd elementor-section-full_width elementor-section-stretched elementor-section-height-default elementor-section-height-default\" data-id=\"46380bd\" data-element_type=\"section\" data-settings=\"{&quot;background_background&quot;:&quot;classic&quot;,&quot;stretch_section&quot;:&quot;section-stretched&quot;}\">\n\t\t\t\t\t\t<div class=\"elementor-container elementor-column-gap-default\">\n\t\t\t\t\t<div class=\"elementor-column elementor-col-100 elementor-top-column elementor-element elementor-element-ed0b779\" data-id=\"ed0b779\" data-element_type=\"column\">\n\t\t\t<div class=\"elementor-widget-wrap elementor-element-populated\">\n\t\t\t\t\t\t\t\t<div class=\"elementor-element elementor-element-8a2ad2b elementor-widget-mobile__width-inherit elementor-widget elementor-widget-heading\" data-id=\"8a2ad2b\" data-element_type=\"widget\" data-widget_type=\"heading.default\">\n\t\t\t\t<div class=\"elementor-widget-container\">\n\t\t\t<h4 class=\"elementor-heading-title elementor-size-default\">Desejamos-lhe uma excelente viagem connosco!  \n<br>Aprenda, divirta-se e descubra este pa\u00eds maravilhoso chamado Portugal!<\/h4>\t\t<\/div>\n\t\t\t\t<\/div>\n\t\t\t\t<div class=\"elementor-element elementor-element-1127ac4 elementor-widget__width-initial elementor-widget-mobile__width-inherit elementor-widget elementor-widget-qi_addons_for_elementor_button\" data-id=\"1127ac4\" data-element_type=\"widget\" data-widget_type=\"qi_addons_for_elementor_button.default\">\n\t\t\t\t<div class=\"elementor-widget-container\">\n\t\t\t<a class=\"qodef-shortcode qodef-m qodef-qi-button qodef-html--link qodef-layout--textual qodef-icon--right qodef-hover--icon-move-horizontal-short qodef-text-underline qodef-underline--left\" href=\"https:\/\/thebestportugal.com\/pt-pt\/tours\/\" target=\"_self\">\n\t<span class=\"qodef-m-text\">Veja todas as nossas tours dispon\u00edveis<\/span>\n\t<\/a>\n\t\t<\/div>\n\t\t\t\t<\/div>\n\t\t\t\t\t<\/div>\n\t\t<\/div>\n\t\t\t\t\t\t\t<\/div>\n\t\t<\/section>\n\t\t\t\t\t\t\t<\/div>\n\t\t","protected":false},"excerpt":{"rendered":"<p>Termos e condi\u00e7\u00f5es Muitas das atividades de anima\u00e7\u00e3o da The Best Portugal s\u00e3o realizadas ao ar livre. Por isso, \u00e9 preciso estar sempre atento \u00e0s condi\u00e7\u00f5es climat\u00e9ricas. Temos de ter em conta que, por vezes, ocorrem fen\u00f3menos meteorol\u00f3gicos imprevis\u00edveis durante uma viagem. Nesses casos, a The Best Portugal n\u00e3o se responsabiliza por esse facto e [&hellip;]<\/p>\n","protected":false},"author":1,"featured_media":0,"parent":0,"menu_order":0,"comment_status":"closed","ping_status":"closed","template":"","meta":{"site-sidebar-layout":"default","site-content-layout":"","ast-site-content-layout":"default","site-content-style":"default","site-sidebar-style":"default","ast-global-header-display":"","ast-banner-title-visibility":"","ast-main-header-display":"","ast-hfb-above-header-display":"","ast-hfb-below-header-display":"","ast-hfb-mobile-header-display":"","site-post-title":"","ast-breadcrumbs-content":"","ast-featured-img":"","footer-sml-layout":"","ast-disable-related-posts":"","theme-transparent-header-meta":"","adv-header-id-meta":"","stick-header-meta":"","header-above-stick-meta":"","header-main-stick-meta":"","header-below-stick-meta":"","astra-migrate-meta-layouts":"default","ast-page-background-enabled":"default","ast-page-background-meta":{"desktop":{"background-color":"var(--ast-global-color-4)","background-image":"","background-repeat":"repeat","background-position":"center center","background-size":"auto","background-attachment":"scroll","background-type":"","background-media":"","overlay-type":"","overlay-color":"","overlay-opacity":"","overlay-gradient":""},"tablet":{"background-color":"","background-image":"","background-repeat":"repeat","background-position":"center center","background-size":"auto","background-attachment":"scroll","background-type":"","background-media":"","overlay-type":"","overlay-color":"","overlay-opacity":"","overlay-gradient":""},"mobile":{"background-color":"","background-image":"","background-repeat":"repeat","background-position":"center center","background-size":"auto","background-attachment":"scroll","background-type":"","background-media":"","overlay-type":"","overlay-color":"","overlay-opacity":"","overlay-gradient":""}},"ast-content-background-meta":{"desktop":{"background-color":"var(--ast-global-color-5)","background-image":"","background-repeat":"repeat","background-position":"center center","background-size":"auto","background-attachment":"scroll","background-type":"","background-media":"","overlay-type":"","overlay-color":"","overlay-opacity":"","overlay-gradient":""},"tablet":{"background-color":"var(--ast-global-color-5)","background-image":"","background-repeat":"repeat","background-position":"center center","background-size":"auto","background-attachment":"scroll","background-type":"","background-media":"","overlay-type":"","overlay-color":"","overlay-opacity":"","overlay-gradient":""},"mobile":{"background-color":"var(--ast-global-color-5)","background-image":"","background-repeat":"repeat","background-position":"center center","background-size":"auto","background-attachment":"scroll","background-type":"","background-media":"","overlay-type":"","overlay-color":"","overlay-opacity":"","overlay-gradient":""}},"footnotes":""},"categories":[],"tags":[],"yoast_head":"<!-- This site is optimized with the Yoast SEO plugin v21.6 - https:\/\/yoast.com\/wordpress\/plugins\/seo\/ -->\n<title>Termos e condi\u00e7\u00f5es | The Best Portugal<\/title>\n<meta name=\"description\" content=\"Consulte os termos e condi\u00e7\u00f5es da The Best Portugal, para desfrutar do seu tempo connosco da melhor forma, agrad\u00e1vel e tranquilamente!\" \/>\n<meta name=\"robots\" content=\"index, follow, max-snippet:-1, max-image-preview:large, max-video-preview:-1\" \/>\n<link rel=\"canonical\" href=\"https:\/\/thebestportugal.com\/terms-and-conditions\/\" \/>\n<meta property=\"og:locale\" content=\"pt_PT\" \/>\n<meta property=\"og:type\" content=\"article\" \/>\n<meta property=\"og:title\" content=\"Termos e condi\u00e7\u00f5es | The Best Portugal\" \/>\n<meta property=\"og:description\" content=\"Consulte os termos e condi\u00e7\u00f5es da The Best Portugal, para desfrutar do seu tempo connosco da melhor forma, agrad\u00e1vel e tranquilamente!\" \/>\n<meta property=\"og:url\" content=\"https:\/\/thebestportugal.com\/terms-and-conditions\/\" \/>\n<meta property=\"og:site_name\" content=\"The Best Portugal\" \/>\n<meta property=\"article:publisher\" content=\"https:\/\/www.facebook.com\/thebestportugl\" \/>\n<meta property=\"article:modified_time\" content=\"2024-02-01T16:19:07+00:00\" \/>\n<meta name=\"twitter:card\" content=\"summary_large_image\" \/>\n<meta name=\"twitter:label1\" content=\"Tempo estimado de leitura\" \/>\n\t<meta name=\"twitter:data1\" content=\"2 minutos\" \/>\n<script type=\"application\/ld+json\" class=\"yoast-schema-graph\">{\"@context\":\"https:\/\/schema.org\",\"@graph\":[{\"@type\":\"WebPage\",\"@id\":\"https:\/\/thebestportugal.com\/terms-and-conditions\/\",\"url\":\"https:\/\/thebestportugal.com\/terms-and-conditions\/\",\"name\":\"Termos e condi\u00e7\u00f5es | The Best Portugal\",\"isPartOf\":{\"@id\":\"https:\/\/thebestportugal.com\/#website\"},\"datePublished\":\"2023-08-24T19:25:47+00:00\",\"dateModified\":\"2024-02-01T16:19:07+00:00\",\"description\":\"Consulte os termos e condi\u00e7\u00f5es da The Best Portugal, para desfrutar do seu tempo connosco da melhor forma, agrad\u00e1vel e tranquilamente!\",\"breadcrumb\":{\"@id\":\"https:\/\/thebestportugal.com\/terms-and-conditions\/#breadcrumb\"},\"inLanguage\":\"pt-PT\",\"potentialAction\":[{\"@type\":\"ReadAction\",\"target\":[\"https:\/\/thebestportugal.com\/terms-and-conditions\/\"]}]},{\"@type\":\"BreadcrumbList\",\"@id\":\"https:\/\/thebestportugal.com\/terms-and-conditions\/#breadcrumb\",\"itemListElement\":[{\"@type\":\"ListItem\",\"position\":1,\"name\":\"In\u00edcio\",\"item\":\"https:\/\/thebestportugal.com\/\"},{\"@type\":\"ListItem\",\"position\":2,\"name\":\"Termos e condi\u00e7\u00f5es\"}]},{\"@type\":\"WebSite\",\"@id\":\"https:\/\/thebestportugal.com\/#website\",\"url\":\"https:\/\/thebestportugal.com\/\",\"name\":\"The Best Portugal\",\"description\":\"Wine Stories and Tours you will never forget\",\"publisher\":{\"@id\":\"https:\/\/thebestportugal.com\/#organization\"},\"potentialAction\":[{\"@type\":\"SearchAction\",\"target\":{\"@type\":\"EntryPoint\",\"urlTemplate\":\"https:\/\/thebestportugal.com\/?s={search_term_string}\"},\"query-input\":\"required name=search_term_string\"}],\"inLanguage\":\"pt-PT\"},{\"@type\":\"Organization\",\"@id\":\"https:\/\/thebestportugal.com\/#organization\",\"name\":\"The Best Portugal\",\"url\":\"https:\/\/thebestportugal.com\/\",\"logo\":{\"@type\":\"ImageObject\",\"inLanguage\":\"pt-PT\",\"@id\":\"https:\/\/thebestportugal.com\/#\/schema\/logo\/image\/\",\"url\":\"https:\/\/thebestportugal.com\/wp-content\/uploads\/2023\/04\/cropped-The-best-PT.jpg\",\"contentUrl\":\"https:\/\/thebestportugal.com\/wp-content\/uploads\/2023\/04\/cropped-The-best-PT.jpg\",\"width\":512,\"height\":512,\"caption\":\"The Best Portugal\"},\"image\":{\"@id\":\"https:\/\/thebestportugal.com\/#\/schema\/logo\/image\/\"},\"sameAs\":[\"https:\/\/www.facebook.com\/thebestportugl\",\"https:\/\/www.instagram.com\/the_best_portugal\/\"]}]}<\/script>\n<!-- \/ Yoast SEO plugin. -->","yoast_head_json":{"title":"Termos e condi\u00e7\u00f5es | The Best Portugal","description":"Consulte os termos e condi\u00e7\u00f5es da The Best Portugal, para desfrutar do seu tempo connosco da melhor forma, agrad\u00e1vel e tranquilamente!","robots":{"index":"index","follow":"follow","max-snippet":"max-snippet:-1","max-image-preview":"max-image-preview:large","max-video-preview":"max-video-preview:-1"},"canonical":"https:\/\/thebestportugal.com\/terms-and-conditions\/","og_locale":"pt_PT","og_type":"article","og_title":"Termos e condi\u00e7\u00f5es | The Best Portugal","og_description":"Consulte os termos e condi\u00e7\u00f5es da The Best Portugal, para desfrutar do seu tempo connosco da melhor forma, agrad\u00e1vel e tranquilamente!","og_url":"https:\/\/thebestportugal.com\/terms-and-conditions\/","og_site_name":"The Best Portugal","article_publisher":"https:\/\/www.facebook.com\/thebestportugl","article_modified_time":"2024-02-01T16:19:07+00:00","twitter_card":"summary_large_image","twitter_misc":{"Tempo estimado de leitura":"2 minutos"},"schema":{"@context":"https:\/\/schema.org","@graph":[{"@type":"WebPage","@id":"https:\/\/thebestportugal.com\/terms-and-conditions\/","url":"https:\/\/thebestportugal.com\/terms-and-conditions\/","name":"Termos e condi\u00e7\u00f5es | The Best Portugal","isPartOf":{"@id":"https:\/\/thebestportugal.com\/#website"},"datePublished":"2023-08-24T19:25:47+00:00","dateModified":"2024-02-01T16:19:07+00:00","description":"Consulte os termos e condi\u00e7\u00f5es da The Best Portugal, para desfrutar do seu tempo connosco da melhor forma, agrad\u00e1vel e tranquilamente!","breadcrumb":{"@id":"https:\/\/thebestportugal.com\/terms-and-conditions\/#breadcrumb"},"inLanguage":"pt-PT","potentialAction":[{"@type":"ReadAction","target":["https:\/\/thebestportugal.com\/terms-and-conditions\/"]}]},{"@type":"BreadcrumbList","@id":"https:\/\/thebestportugal.com\/terms-and-conditions\/#breadcrumb","itemListElement":[{"@type":"ListItem","position":1,"name":"In\u00edcio","item":"https:\/\/thebestportugal.com\/"},{"@type":"ListItem","position":2,"name":"Termos e condi\u00e7\u00f5es"}]},{"@type":"WebSite","@id":"https:\/\/thebestportugal.com\/#website","url":"https:\/\/thebestportugal.com\/","name":"The Best Portugal","description":"Wine Stories and Tours you will never forget","publisher":{"@id":"https:\/\/thebestportugal.com\/#organization"},"potentialAction":[{"@type":"SearchAction","target":{"@type":"EntryPoint","urlTemplate":"https:\/\/thebestportugal.com\/?s={search_term_string}"},"query-input":"required name=search_term_string"}],"inLanguage":"pt-PT"},{"@type":"Organization","@id":"https:\/\/thebestportugal.com\/#organization","name":"The Best Portugal","url":"https:\/\/thebestportugal.com\/","logo":{"@type":"ImageObject","inLanguage":"pt-PT","@id":"https:\/\/thebestportugal.com\/#\/schema\/logo\/image\/","url":"https:\/\/thebestportugal.com\/wp-content\/uploads\/2023\/04\/cropped-The-best-PT.jpg","contentUrl":"https:\/\/thebestportugal.com\/wp-content\/uploads\/2023\/04\/cropped-The-best-PT.jpg","width":512,"height":512,"caption":"The Best Portugal"},"image":{"@id":"https:\/\/thebestportugal.com\/#\/schema\/logo\/image\/"},"sameAs":["https:\/\/www.facebook.com\/thebestportugl","https:\/\/www.instagram.com\/the_best_portugal\/"]}]}},"_links":{"self":[{"href":"https:\/\/thebestportugal.com\/pt-pt\/wp-json\/wp\/v2\/pages\/11920"}],"collection":[{"href":"https:\/\/thebestportugal.com\/pt-pt\/wp-json\/wp\/v2\/pages"}],"about":[{"href":"https:\/\/thebestportugal.com\/pt-pt\/wp-json\/wp\/v2\/types\/page"}],"author":[{"embeddable":true,"href":"https:\/\/thebestportugal.com\/pt-pt\/wp-json\/wp\/v2\/users\/1"}],"replies":[{"embeddable":true,"href":"https:\/\/thebestportugal.com\/pt-pt\/wp-json\/wp\/v2\/comments?post=11920"}],"version-history":[{"count":6,"href":"https:\/\/thebestportugal.com\/pt-pt\/wp-json\/wp\/v2\/pages\/11920\/revisions"}],"predecessor-version":[{"id":12992,"href":"https:\/\/thebestportugal.com\/pt-pt\/wp-json\/wp\/v2\/pages\/11920\/revisions\/12992"}],"wp:attachment":[{"href":"https:\/\/thebestportugal.com\/pt-pt\/wp-json\/wp\/v2\/media?parent=11920"}],"wp:term":[{"taxonomy":"category","embeddable":true,"href":"https:\/\/thebestportugal.com\/pt-pt\/wp-json\/wp\/v2\/categories?post=11920"},{"taxonomy":"post_tag","embeddable":true,"href":"https:\/\/thebestportugal.com\/pt-pt\/wp-json\/wp\/v2\/tags?post=11920"}],"curies":[{"name":"wp","href":"https:\/\/api.w.org\/{rel}","templated":true}]}}