{"id":11921,"date":"2023-12-19T18:02:40","date_gmt":"2023-12-19T18:02:40","guid":{"rendered":"https:\/\/thebestportugal.com\/excursoes-fora-de-horas\/"},"modified":"2024-01-18T15:58:21","modified_gmt":"2024-01-18T15:58:21","slug":"passeios-fora-de-horas","status":"publish","type":"page","link":"https:\/\/thebestportugal.com\/pt-pt\/passeios-fora-de-horas\/","title":{"rendered":"Passeios fora de horas"},"content":{"rendered":"\t\t<div data-elementor-type=\"wp-page\" data-elementor-id=\"11921\" class=\"elementor elementor-11921 elementor-9757\" data-elementor-post-type=\"page\">\n\t\t\t\t\t\t\t\t\t<section class=\"elementor-section elementor-top-section elementor-element elementor-element-741fdc12 elementor-section-full_width elementor-section-height-min-height elementor-section-stretched elementor-section-height-default elementor-section-items-middle elementor-invisible\" data-id=\"741fdc12\" data-element_type=\"section\" data-settings=\"{&quot;background_background&quot;:&quot;classic&quot;,&quot;animation&quot;:&quot;fadeIn&quot;,&quot;stretch_section&quot;:&quot;section-stretched&quot;}\">\n\t\t\t\t\t\t\t<div class=\"elementor-background-overlay\"><\/div>\n\t\t\t\t\t\t\t<div class=\"elementor-container elementor-column-gap-default\">\n\t\t\t\t\t<div class=\"elementor-column elementor-col-100 elementor-top-column elementor-element elementor-element-3f0e347\" data-id=\"3f0e347\" data-element_type=\"column\">\n\t\t\t<div class=\"elementor-widget-wrap elementor-element-populated\">\n\t\t\t\t\t\t\t\t<div class=\"elementor-element elementor-element-727ac4dd elementor-invisible elementor-widget elementor-widget-heading\" data-id=\"727ac4dd\" data-element_type=\"widget\" data-settings=\"{&quot;_animation&quot;:&quot;fadeInUp&quot;}\" data-widget_type=\"heading.default\">\n\t\t\t\t<div class=\"elementor-widget-container\">\n\t\t\t<style>\/*! elementor - v3.18.0 - 04-12-2023 *\/\n.elementor-heading-title{padding:0;margin:0;line-height:1}.elementor-widget-heading .elementor-heading-title[class*=elementor-size-]>a{color:inherit;font-size:inherit;line-height:inherit}.elementor-widget-heading .elementor-heading-title.elementor-size-small{font-size:15px}.elementor-widget-heading .elementor-heading-title.elementor-size-medium{font-size:19px}.elementor-widget-heading .elementor-heading-title.elementor-size-large{font-size:29px}.elementor-widget-heading .elementor-heading-title.elementor-size-xl{font-size:39px}.elementor-widget-heading .elementor-heading-title.elementor-size-xxl{font-size:59px}<\/style><h1 class=\"elementor-heading-title elementor-size-default\">Excurs\u00f5es fora de horas<\/h1>\t\t<\/div>\n\t\t\t\t<\/div>\n\t\t\t\t\t<\/div>\n\t\t<\/div>\n\t\t\t\t\t\t\t<\/div>\n\t\t<\/section>\n\t\t<div class=\"elementor-element elementor-element-86704e9 e-con-full e-flex e-con e-parent\" data-id=\"86704e9\" data-element_type=\"container\" data-settings=\"{&quot;content_width&quot;:&quot;full&quot;}\" data-core-v316-plus=\"true\">\n\t\t\t\t<div class=\"elementor-element elementor-element-70cbc0c elementor-widget__width-initial elementor-widget-mobile__width-inherit elementor-widget elementor-widget-text-editor\" data-id=\"70cbc0c\" data-element_type=\"widget\" data-settings=\"{&quot;_animation&quot;:&quot;none&quot;}\" data-widget_type=\"text-editor.default\">\n\t\t\t\t<div class=\"elementor-widget-container\">\n\t\t\t<style>\/*! elementor - v3.18.0 - 04-12-2023 *\/\n.elementor-widget-text-editor.elementor-drop-cap-view-stacked .elementor-drop-cap{background-color:#69727d;color:#fff}.elementor-widget-text-editor.elementor-drop-cap-view-framed .elementor-drop-cap{color:#69727d;border:3px solid;background-color:transparent}.elementor-widget-text-editor:not(.elementor-drop-cap-view-default) .elementor-drop-cap{margin-top:8px}.elementor-widget-text-editor:not(.elementor-drop-cap-view-default) .elementor-drop-cap-letter{width:1em;height:1em}.elementor-widget-text-editor .elementor-drop-cap{float:left;text-align:center;line-height:1;font-size:50px}.elementor-widget-text-editor .elementor-drop-cap-letter{display:inline-block}<\/style>\t\t\t\t<p>Criamos experi\u00eancias personalizadas em Portugal que se tornam mem\u00f3rias para toda a vida. Procuramos aqueles que procuram ir para al\u00e9m dos clich\u00e9s e descobrir o cora\u00e7\u00e3o e o pulsar do Portugal hist\u00f3rico e contempor\u00e2neo.<\/p>\n\t\t\t\t\t\t<\/div>\n\t\t\t\t<\/div>\n\t\t\t\t<\/div>\n\t\t\t\t<section class=\"elementor-section elementor-top-section elementor-element elementor-element-6128f9b elementor-section-boxed elementor-section-height-default elementor-section-height-default\" data-id=\"6128f9b\" data-element_type=\"section\" data-settings=\"{&quot;background_background&quot;:&quot;video&quot;,&quot;animation&quot;:&quot;none&quot;}\">\n\t\t\t\t\t\t\t<div class=\"elementor-background-overlay\"><\/div>\n\t\t\t\t\t\t\t<div class=\"elementor-container elementor-column-gap-default\">\n\t\t\t\t\t<div class=\"elementor-column elementor-col-50 elementor-top-column elementor-element elementor-element-fd910d8\" data-id=\"fd910d8\" data-element_type=\"column\">\n\t\t\t<div class=\"elementor-widget-wrap elementor-element-populated\">\n\t\t\t\t\t\t\t\t<div class=\"elementor-element elementor-element-b795085 elementor-widget__width-initial elementor-widget elementor-widget-heading\" data-id=\"b795085\" data-element_type=\"widget\" data-widget_type=\"heading.default\">\n\t\t\t\t<div class=\"elementor-widget-container\">\n\t\t\t<h4 class=\"elementor-heading-title elementor-size-default\">Momentos inesquec\u00edveis<\/h4>\t\t<\/div>\n\t\t\t\t<\/div>\n\t\t\t\t<div class=\"elementor-element elementor-element-ceaa2b0 elementor-widget__width-initial elementor-widget elementor-widget-text-editor\" data-id=\"ceaa2b0\" data-element_type=\"widget\" data-widget_type=\"text-editor.default\">\n\t\t\t\t<div class=\"elementor-widget-container\">\n\t\t\t\t\t\t\t<p>O p\u00f4r do sol ou o cair da noite n\u00e3o t\u00eam de ser o ep\u00edlogo de um dia glorioso. Se \u00e9 daqueles que gosta de fugir \u00e0s multid\u00f5es que enchem os monumentos mais concorridos durante o dia em todas as capitais europeias, ou se gosta naturalmente de aproveitar o final do dia e o in\u00edcio da noite com um excelente jantar ao som suave das ondas do Atl\u00e2ntico, ou simplesmente fazer um passeio a p\u00e9, ou uma prova de vinhos e petiscos em Lisboa ao fim da tarde, n\u00e3o tem de se limitar e contentar-se com o que est\u00e1 dispon\u00edvel e com hor\u00e1rios fixos das 9h \u00e0s 17h. A The Best Portugal acompanha-o e est\u00e1 consigo sempre que quer ser um pouco mais criativo! No fim de contas, a sua viagem ser\u00e1 sempre um projeto desenvolvido por si em intera\u00e7\u00e3o connosco. Com a The Best Portugal, o c\u00e9u \u00e9 realmente o limite.<\/p>\n\t\t\t\t\t\t<\/div>\n\t\t\t\t<\/div>\n\t\t\t\t<div class=\"elementor-element elementor-element-a937dfa elementor-widget__width-initial elementor-widget elementor-widget-qi_addons_for_elementor_button\" data-id=\"a937dfa\" data-element_type=\"widget\" data-widget_type=\"qi_addons_for_elementor_button.default\">\n\t\t\t\t<div class=\"elementor-widget-container\">\n\t\t\t<a class=\"qodef-shortcode qodef-m qodef-qi-button qodef-html--link qodef-layout--filled qodef-type--standard qodef-size--full qodef-icon--right qodef-hover--icon-move-horizontal-short qodef-text-underline qodef-underline--left\" href=\"https:\/\/thebestportugal.com\/tours\/\" target=\"_self\">\n\t<span class=\"qodef-m-text\">Descubra as melhores experi\u00eancias em Portugal<\/span>\n\t<\/a>\n\t\t<\/div>\n\t\t\t\t<\/div>\n\t\t\t\t\t<\/div>\n\t\t<\/div>\n\t\t\t\t<div class=\"elementor-column elementor-col-50 elementor-top-column elementor-element elementor-element-5009646\" data-id=\"5009646\" data-element_type=\"column\">\n\t\t\t<div class=\"elementor-widget-wrap elementor-element-populated\">\n\t\t\t\t\t\t\t\t<div class=\"elementor-element elementor-element-2e3ad9a elementor-widget__width-initial elementor-widget elementor-widget-image\" data-id=\"2e3ad9a\" data-element_type=\"widget\" data-widget_type=\"image.default\">\n\t\t\t\t<div class=\"elementor-widget-container\">\n\t\t\t<style>\/*! elementor - v3.18.0 - 04-12-2023 *\/\n.elementor-widget-image{text-align:center}.elementor-widget-image a{display:inline-block}.elementor-widget-image a img[src$=\".svg\"]{width:48px}.elementor-widget-image img{vertical-align:middle;display:inline-block}<\/style>\t\t\t\t\t\t\t\t\t\t\t\t<img fetchpriority=\"high\" decoding=\"async\" width=\"2048\" height=\"1365\" src=\"https:\/\/thebestportugal.com\/wp-content\/uploads\/2023\/12\/andreas-brucker-X87yB-jvYHw-unsplash-2048x1365.jpg\" class=\"attachment-2048x2048 size-2048x2048 wp-image-9762\" alt=\"\" srcset=\"https:\/\/thebestportugal.com\/wp-content\/uploads\/2023\/12\/andreas-brucker-X87yB-jvYHw-unsplash-2048x1365.jpg 2048w, https:\/\/thebestportugal.com\/wp-content\/uploads\/2023\/12\/andreas-brucker-X87yB-jvYHw-unsplash-300x200.jpg 300w, https:\/\/thebestportugal.com\/wp-content\/uploads\/2023\/12\/andreas-brucker-X87yB-jvYHw-unsplash-1024x683.jpg 1024w, https:\/\/thebestportugal.com\/wp-content\/uploads\/2023\/12\/andreas-brucker-X87yB-jvYHw-unsplash-768x512.jpg 768w, https:\/\/thebestportugal.com\/wp-content\/uploads\/2023\/12\/andreas-brucker-X87yB-jvYHw-unsplash-1536x1024.jpg 1536w\" sizes=\"(max-width: 2048px) 100vw, 2048px\" \/>\t\t\t\t\t\t\t\t\t\t\t\t\t\t\t<\/div>\n\t\t\t\t<\/div>\n\t\t\t\t\t<\/div>\n\t\t<\/div>\n\t\t\t\t\t\t\t<\/div>\n\t\t<\/section>\n\t\t\t\t<section class=\"elementor-section elementor-top-section elementor-element elementor-element-92bb996 elementor-section-height-min-height elementor-section-full_width elementor-section-items-stretch elementor-section-content-bottom elementor-section-stretched elementor-section-height-default elementor-invisible\" data-id=\"92bb996\" data-element_type=\"section\" data-settings=\"{&quot;background_background&quot;:&quot;classic&quot;,&quot;animation&quot;:&quot;fadeIn&quot;,&quot;stretch_section&quot;:&quot;section-stretched&quot;}\">\n\t\t\t\t\t\t\t<div class=\"elementor-background-overlay\"><\/div>\n\t\t\t\t\t\t\t<div class=\"elementor-container elementor-column-gap-default\">\n\t\t\t\t\t<div class=\"elementor-column elementor-col-50 elementor-top-column elementor-element elementor-element-71ddd9d\" data-id=\"71ddd9d\" data-element_type=\"column\">\n\t\t\t<div class=\"elementor-widget-wrap\">\n\t\t\t\t\t\t\t\t\t<\/div>\n\t\t<\/div>\n\t\t\t\t<div class=\"elementor-column elementor-col-50 elementor-top-column elementor-element elementor-element-6285810\" data-id=\"6285810\" data-element_type=\"column\">\n\t\t\t<div class=\"elementor-widget-wrap elementor-element-populated\">\n\t\t\t\t\t\t<div class=\"elementor-element elementor-element-fe57ba6 e-con-full e-flex e-con e-parent\" data-id=\"fe57ba6\" data-element_type=\"container\" data-settings=\"{&quot;content_width&quot;:&quot;full&quot;}\" data-core-v316-plus=\"true\">\n\t\t\t\t<div class=\"elementor-element elementor-element-3d3762a elementor-widget elementor-widget-spacer\" data-id=\"3d3762a\" data-element_type=\"widget\" data-widget_type=\"spacer.default\">\n\t\t\t\t<div class=\"elementor-widget-container\">\n\t\t\t<style>\/*! elementor - v3.18.0 - 04-12-2023 *\/\n.elementor-column .elementor-spacer-inner{height:var(--spacer-size)}.e-con{--container-widget-width:100%}.e-con-inner>.elementor-widget-spacer,.e-con>.elementor-widget-spacer{width:var(--container-widget-width,var(--spacer-size));--align-self:var(--container-widget-align-self,initial);--flex-shrink:0}.e-con-inner>.elementor-widget-spacer>.elementor-widget-container,.e-con>.elementor-widget-spacer>.elementor-widget-container{height:100%;width:100%}.e-con-inner>.elementor-widget-spacer>.elementor-widget-container>.elementor-spacer,.e-con>.elementor-widget-spacer>.elementor-widget-container>.elementor-spacer{height:100%}.e-con-inner>.elementor-widget-spacer>.elementor-widget-container>.elementor-spacer>.elementor-spacer-inner,.e-con>.elementor-widget-spacer>.elementor-widget-container>.elementor-spacer>.elementor-spacer-inner{height:var(--container-widget-height,var(--spacer-size))}.e-con-inner>.elementor-widget-spacer.elementor-widget-empty,.e-con>.elementor-widget-spacer.elementor-widget-empty{position:relative;min-height:22px;min-width:22px}.e-con-inner>.elementor-widget-spacer.elementor-widget-empty .elementor-widget-empty-icon,.e-con>.elementor-widget-spacer.elementor-widget-empty .elementor-widget-empty-icon{position:absolute;top:0;bottom:0;left:0;right:0;margin:auto;padding:0;width:22px;height:22px}<\/style>\t\t<div class=\"elementor-spacer\">\n\t\t\t<div class=\"elementor-spacer-inner\"><\/div>\n\t\t<\/div>\n\t\t\t\t<\/div>\n\t\t\t\t<\/div>\n\t\t\t\t<div class=\"elementor-element elementor-element-f43ff06 elementor-widget__width-initial elementor-widget elementor-widget-heading\" data-id=\"f43ff06\" data-element_type=\"widget\" data-widget_type=\"heading.default\">\n\t\t\t\t<div class=\"elementor-widget-container\">\n\t\t\t<h5 class=\"elementor-heading-title elementor-size-default\">Os nossos passeios baseiam-se nos interesses em Gastronomia, Vinhos, Natureza e Patrim\u00f3nio, mas podemos abordar qualquer outro tema a pedido.  <br><\/h5>\t\t<\/div>\n\t\t\t\t<\/div>\n\t\t\t\t<div class=\"elementor-element elementor-element-39b985e elementor-widget__width-initial elementor-widget elementor-widget-qi_addons_for_elementor_button\" data-id=\"39b985e\" data-element_type=\"widget\" data-widget_type=\"qi_addons_for_elementor_button.default\">\n\t\t\t\t<div class=\"elementor-widget-container\">\n\t\t\t<a class=\"qodef-shortcode qodef-m qodef-qi-button qodef-html--link qodef-layout--textual qodef-icon--right qodef-hover--icon-move-horizontal-short qodef-text-underline qodef-underline--left\" href=\"\" target=\"_self\">\n\t<span class=\"qodef-m-text\">Fale connosco e prepare-se para uma experi\u00eancia memor\u00e1vel!<\/span>\n\t<\/a>\n\t\t<\/div>\n\t\t\t\t<\/div>\n\t\t\t\t<\/div>\n\t\t\t\t\t<\/div>\n\t\t<\/div>\n\t\t\t\t\t\t\t<\/div>\n\t\t<\/section>\n\t\t\t\t\t\t\t<\/div>\n\t\t","protected":false},"excerpt":{"rendered":"<p>Excurs\u00f5es fora de horas Criamos experi\u00eancias personalizadas em Portugal que se tornam mem\u00f3rias para toda a vida. Procuramos aqueles que procuram ir para al\u00e9m dos clich\u00e9s e descobrir o cora\u00e7\u00e3o e o pulsar do Portugal hist\u00f3rico e contempor\u00e2neo. Momentos inesquec\u00edveis O p\u00f4r do sol ou o cair da noite n\u00e3o t\u00eam de ser o ep\u00edlogo [&hellip;]<\/p>\n","protected":false},"author":1,"featured_media":0,"parent":0,"menu_order":0,"comment_status":"closed","ping_status":"closed","template":"","meta":{"site-sidebar-layout":"default","site-content-layout":"","ast-site-content-layout":"default","site-content-style":"default","site-sidebar-style":"default","ast-global-header-display":"","ast-banner-title-visibility":"","ast-main-header-display":"","ast-hfb-above-header-display":"","ast-hfb-below-header-display":"","ast-hfb-mobile-header-display":"","site-post-title":"","ast-breadcrumbs-content":"","ast-featured-img":"","footer-sml-layout":"","ast-disable-related-posts":"","theme-transparent-header-meta":"","adv-header-id-meta":"","stick-header-meta":"","header-above-stick-meta":"","header-main-stick-meta":"","header-below-stick-meta":"","astra-migrate-meta-layouts":"default","ast-page-background-enabled":"default","ast-page-background-meta":{"desktop":{"background-color":"var(--ast-global-color-4)","background-image":"","background-repeat":"repeat","background-position":"center center","background-size":"auto","background-attachment":"scroll","background-type":"","background-media":"","overlay-type":"","overlay-color":"","overlay-opacity":"","overlay-gradient":""},"tablet":{"background-color":"","background-image":"","background-repeat":"repeat","background-position":"center center","background-size":"auto","background-attachment":"scroll","background-type":"","background-media":"","overlay-type":"","overlay-color":"","overlay-opacity":"","overlay-gradient":""},"mobile":{"background-color":"","background-image":"","background-repeat":"repeat","background-position":"center center","background-size":"auto","background-attachment":"scroll","background-type":"","background-media":"","overlay-type":"","overlay-color":"","overlay-opacity":"","overlay-gradient":""}},"ast-content-background-meta":{"desktop":{"background-color":"var(--ast-global-color-5)","background-image":"","background-repeat":"repeat","background-position":"center center","background-size":"auto","background-attachment":"scroll","background-type":"","background-media":"","overlay-type":"","overlay-color":"","overlay-opacity":"","overlay-gradient":""},"tablet":{"background-color":"var(--ast-global-color-5)","background-image":"","background-repeat":"repeat","background-position":"center center","background-size":"auto","background-attachment":"scroll","background-type":"","background-media":"","overlay-type":"","overlay-color":"","overlay-opacity":"","overlay-gradient":""},"mobile":{"background-color":"var(--ast-global-color-5)","background-image":"","background-repeat":"repeat","background-position":"center center","background-size":"auto","background-attachment":"scroll","background-type":"","background-media":"","overlay-type":"","overlay-color":"","overlay-opacity":"","overlay-gradient":""}},"footnotes":""},"categories":[],"tags":[],"yoast_head":"<!-- This site is optimized with the Yoast SEO plugin v21.6 - https:\/\/yoast.com\/wordpress\/plugins\/seo\/ -->\n<title>Passeios fora de horas | The Best Portugal Luxury Wine Stories and Tours<\/title>\n<meta name=\"robots\" content=\"index, follow, max-snippet:-1, max-image-preview:large, max-video-preview:-1\" \/>\n<link rel=\"canonical\" href=\"https:\/\/thebestportugal.com\/pt-pt\/passeios-fora-de-horas\/\" \/>\n<meta property=\"og:locale\" content=\"pt_PT\" \/>\n<meta property=\"og:type\" content=\"article\" \/>\n<meta property=\"og:title\" content=\"Passeios fora de horas | The Best Portugal Luxury Wine Stories and Tours\" \/>\n<meta property=\"og:description\" content=\"Excurs\u00f5es fora de horas Criamos experi\u00eancias personalizadas em Portugal que se tornam mem\u00f3rias para toda a vida. Procuramos aqueles que procuram ir para al\u00e9m dos clich\u00e9s e descobrir o cora\u00e7\u00e3o e o pulsar do Portugal hist\u00f3rico e contempor\u00e2neo. Momentos inesquec\u00edveis O p\u00f4r do sol ou o cair da noite n\u00e3o t\u00eam de ser o ep\u00edlogo [&hellip;]\" \/>\n<meta property=\"og:url\" content=\"https:\/\/thebestportugal.com\/pt-pt\/passeios-fora-de-horas\/\" \/>\n<meta property=\"og:site_name\" content=\"The Best Portugal\" \/>\n<meta property=\"article:publisher\" content=\"https:\/\/www.facebook.com\/thebestportugl\" \/>\n<meta property=\"article:modified_time\" content=\"2024-01-18T15:58:21+00:00\" \/>\n<meta property=\"og:image\" content=\"https:\/\/thebestportugal.com\/wp-content\/uploads\/2023\/12\/andreas-brucker-X87yB-jvYHw-unsplash-2048x1365.jpg\" \/>\n<meta name=\"twitter:card\" content=\"summary_large_image\" \/>\n<meta name=\"twitter:label1\" content=\"Tempo estimado de leitura\" \/>\n\t<meta name=\"twitter:data1\" content=\"1 minuto\" \/>\n<script type=\"application\/ld+json\" class=\"yoast-schema-graph\">{\"@context\":\"https:\/\/schema.org\",\"@graph\":[{\"@type\":\"WebPage\",\"@id\":\"https:\/\/thebestportugal.com\/pt-pt\/passeios-fora-de-horas\/\",\"url\":\"https:\/\/thebestportugal.com\/pt-pt\/passeios-fora-de-horas\/\",\"name\":\"Passeios fora de horas | The Best Portugal Luxury Wine Stories and Tours\",\"isPartOf\":{\"@id\":\"https:\/\/thebestportugal.com\/#website\"},\"datePublished\":\"2023-12-19T18:02:40+00:00\",\"dateModified\":\"2024-01-18T15:58:21+00:00\",\"breadcrumb\":{\"@id\":\"https:\/\/thebestportugal.com\/pt-pt\/passeios-fora-de-horas\/#breadcrumb\"},\"inLanguage\":\"pt-PT\",\"potentialAction\":[{\"@type\":\"ReadAction\",\"target\":[\"https:\/\/thebestportugal.com\/pt-pt\/passeios-fora-de-horas\/\"]}]},{\"@type\":\"BreadcrumbList\",\"@id\":\"https:\/\/thebestportugal.com\/pt-pt\/passeios-fora-de-horas\/#breadcrumb\",\"itemListElement\":[{\"@type\":\"ListItem\",\"position\":1,\"name\":\"In\u00edcio\",\"item\":\"https:\/\/thebestportugal.com\/\"},{\"@type\":\"ListItem\",\"position\":2,\"name\":\"Passeios fora de horas\"}]},{\"@type\":\"WebSite\",\"@id\":\"https:\/\/thebestportugal.com\/#website\",\"url\":\"https:\/\/thebestportugal.com\/\",\"name\":\"The Best Portugal\",\"description\":\"Wine Stories and Tours you will never forget\",\"publisher\":{\"@id\":\"https:\/\/thebestportugal.com\/#organization\"},\"potentialAction\":[{\"@type\":\"SearchAction\",\"target\":{\"@type\":\"EntryPoint\",\"urlTemplate\":\"https:\/\/thebestportugal.com\/?s={search_term_string}\"},\"query-input\":\"required name=search_term_string\"}],\"inLanguage\":\"pt-PT\"},{\"@type\":\"Organization\",\"@id\":\"https:\/\/thebestportugal.com\/#organization\",\"name\":\"The Best Portugal\",\"url\":\"https:\/\/thebestportugal.com\/\",\"logo\":{\"@type\":\"ImageObject\",\"inLanguage\":\"pt-PT\",\"@id\":\"https:\/\/thebestportugal.com\/#\/schema\/logo\/image\/\",\"url\":\"https:\/\/thebestportugal.com\/wp-content\/uploads\/2023\/04\/cropped-The-best-PT.jpg\",\"contentUrl\":\"https:\/\/thebestportugal.com\/wp-content\/uploads\/2023\/04\/cropped-The-best-PT.jpg\",\"width\":512,\"height\":512,\"caption\":\"The Best Portugal\"},\"image\":{\"@id\":\"https:\/\/thebestportugal.com\/#\/schema\/logo\/image\/\"},\"sameAs\":[\"https:\/\/www.facebook.com\/thebestportugl\",\"https:\/\/www.instagram.com\/the_best_portugal\/\"]}]}<\/script>\n<!-- \/ Yoast SEO plugin. -->","yoast_head_json":{"title":"Passeios fora de horas | The Best Portugal Luxury Wine Stories and Tours","robots":{"index":"index","follow":"follow","max-snippet":"max-snippet:-1","max-image-preview":"max-image-preview:large","max-video-preview":"max-video-preview:-1"},"canonical":"https:\/\/thebestportugal.com\/pt-pt\/passeios-fora-de-horas\/","og_locale":"pt_PT","og_type":"article","og_title":"Passeios fora de horas | The Best Portugal Luxury Wine Stories and Tours","og_description":"Excurs\u00f5es fora de horas Criamos experi\u00eancias personalizadas em Portugal que se tornam mem\u00f3rias para toda a vida. Procuramos aqueles que procuram ir para al\u00e9m dos clich\u00e9s e descobrir o cora\u00e7\u00e3o e o pulsar do Portugal hist\u00f3rico e contempor\u00e2neo. Momentos inesquec\u00edveis O p\u00f4r do sol ou o cair da noite n\u00e3o t\u00eam de ser o ep\u00edlogo [&hellip;]","og_url":"https:\/\/thebestportugal.com\/pt-pt\/passeios-fora-de-horas\/","og_site_name":"The Best Portugal","article_publisher":"https:\/\/www.facebook.com\/thebestportugl","article_modified_time":"2024-01-18T15:58:21+00:00","og_image":[{"url":"https:\/\/thebestportugal.com\/wp-content\/uploads\/2023\/12\/andreas-brucker-X87yB-jvYHw-unsplash-2048x1365.jpg"}],"twitter_card":"summary_large_image","twitter_misc":{"Tempo estimado de leitura":"1 minuto"},"schema":{"@context":"https:\/\/schema.org","@graph":[{"@type":"WebPage","@id":"https:\/\/thebestportugal.com\/pt-pt\/passeios-fora-de-horas\/","url":"https:\/\/thebestportugal.com\/pt-pt\/passeios-fora-de-horas\/","name":"Passeios fora de horas | The Best Portugal Luxury Wine Stories and Tours","isPartOf":{"@id":"https:\/\/thebestportugal.com\/#website"},"datePublished":"2023-12-19T18:02:40+00:00","dateModified":"2024-01-18T15:58:21+00:00","breadcrumb":{"@id":"https:\/\/thebestportugal.com\/pt-pt\/passeios-fora-de-horas\/#breadcrumb"},"inLanguage":"pt-PT","potentialAction":[{"@type":"ReadAction","target":["https:\/\/thebestportugal.com\/pt-pt\/passeios-fora-de-horas\/"]}]},{"@type":"BreadcrumbList","@id":"https:\/\/thebestportugal.com\/pt-pt\/passeios-fora-de-horas\/#breadcrumb","itemListElement":[{"@type":"ListItem","position":1,"name":"In\u00edcio","item":"https:\/\/thebestportugal.com\/"},{"@type":"ListItem","position":2,"name":"Passeios fora de horas"}]},{"@type":"WebSite","@id":"https:\/\/thebestportugal.com\/#website","url":"https:\/\/thebestportugal.com\/","name":"The Best Portugal","description":"Wine Stories and Tours you will never forget","publisher":{"@id":"https:\/\/thebestportugal.com\/#organization"},"potentialAction":[{"@type":"SearchAction","target":{"@type":"EntryPoint","urlTemplate":"https:\/\/thebestportugal.com\/?s={search_term_string}"},"query-input":"required name=search_term_string"}],"inLanguage":"pt-PT"},{"@type":"Organization","@id":"https:\/\/thebestportugal.com\/#organization","name":"The Best Portugal","url":"https:\/\/thebestportugal.com\/","logo":{"@type":"ImageObject","inLanguage":"pt-PT","@id":"https:\/\/thebestportugal.com\/#\/schema\/logo\/image\/","url":"https:\/\/thebestportugal.com\/wp-content\/uploads\/2023\/04\/cropped-The-best-PT.jpg","contentUrl":"https:\/\/thebestportugal.com\/wp-content\/uploads\/2023\/04\/cropped-The-best-PT.jpg","width":512,"height":512,"caption":"The Best Portugal"},"image":{"@id":"https:\/\/thebestportugal.com\/#\/schema\/logo\/image\/"},"sameAs":["https:\/\/www.facebook.com\/thebestportugl","https:\/\/www.instagram.com\/the_best_portugal\/"]}]}},"_links":{"self":[{"href":"https:\/\/thebestportugal.com\/pt-pt\/wp-json\/wp\/v2\/pages\/11921"}],"collection":[{"href":"https:\/\/thebestportugal.com\/pt-pt\/wp-json\/wp\/v2\/pages"}],"about":[{"href":"https:\/\/thebestportugal.com\/pt-pt\/wp-json\/wp\/v2\/types\/page"}],"author":[{"embeddable":true,"href":"https:\/\/thebestportugal.com\/pt-pt\/wp-json\/wp\/v2\/users\/1"}],"replies":[{"embeddable":true,"href":"https:\/\/thebestportugal.com\/pt-pt\/wp-json\/wp\/v2\/comments?post=11921"}],"version-history":[{"count":4,"href":"https:\/\/thebestportugal.com\/pt-pt\/wp-json\/wp\/v2\/pages\/11921\/revisions"}],"predecessor-version":[{"id":12157,"href":"https:\/\/thebestportugal.com\/pt-pt\/wp-json\/wp\/v2\/pages\/11921\/revisions\/12157"}],"wp:attachment":[{"href":"https:\/\/thebestportugal.com\/pt-pt\/wp-json\/wp\/v2\/media?parent=11921"}],"wp:term":[{"taxonomy":"category","embeddable":true,"href":"https:\/\/thebestportugal.com\/pt-pt\/wp-json\/wp\/v2\/categories?post=11921"},{"taxonomy":"post_tag","embeddable":true,"href":"https:\/\/thebestportugal.com\/pt-pt\/wp-json\/wp\/v2\/tags?post=11921"}],"curies":[{"name":"wp","href":"https:\/\/api.w.org\/{rel}","templated":true}]}}